
    {"id":22311,"date":"2025-07-15T01:36:06","date_gmt":"2025-07-14T23:36:06","guid":{"rendered":"https:\/\/www.kavalier.cz\/produkt\/spiral-cooler-without-grinding\/"},"modified":"2025-07-15T01:36:45","modified_gmt":"2025-07-14T23:36:45","slug":"spiral-cooler-without-grinding","status":"publish","type":"product","link":"https:\/\/www.kavalier.cz\/en\/product\/spiral-cooler-without-grinding\/","title":{"rendered":"SPIRAL COOLER WITHOUT GRINDING"},"content":{"rendered":"<p>Va\u0161e zpr\u00e1va je pr\u00e1zdn\u00e1. Zadejte pros\u00edm text, kter\u00fd chcete p\u0159elo\u017eit.<\/p>\n","protected":false},"excerpt":{"rendered":"<p>Va\u0161e zpr\u00e1va je pr\u00e1zdn\u00e1. Zadejte pros\u00edm text, kter\u00fd chcete p\u0159elo\u017eit.<\/p>\n","protected":false},"featured_media":15598,"comment_status":"open","ping_status":"closed","template":"","meta":[],"product_brand":[],"product_cat":[4307],"product_tag":[],"pa_doplnkova-barva":[],"class_list":{"0":"post-22311","1":"product","2":"type-product","3":"status-publish","4":"has-post-thumbnail","6":"product_cat-laboratory-labapparatus-en","7":"pa_baleni-ks-1-en","8":"pa_cislo-7112-en","9":"pa_d-mm-40-en","10":"pa_l-mm-200-en","11":"pa_l-mm-300-en","12":"pa_l-mm-400-en","13":"pa_l-mm-500-en","14":"pa_l-mm-600-en","15":"pa_objem-l-0075-en","16":"pa_objem-l-02-en","17":"pa_objem-l-11-en","18":"pa_pocet-civek-15-en","19":"pa_pocet-civek-22-en","20":"pa_pocet-civek-28-en","21":"pa_pocet-civek-35-en","22":"pa_pocet-civek-9-en","23":"pa_rozmer-mm-o83x75-en","25":"first","26":"instock","27":"taxable","28":"shipping-taxable","29":"product-type-variable"},"acf":[],"yoast_head":"<!-- This site is optimized with the Yoast SEO Premium plugin v25.4 (Yoast SEO v25.4) - https:\/\/yoast.com\/wordpress\/plugins\/seo\/ -->\n<title>SPIRAL COOLER WITHOUT GRINDING &#8211; KAVALIERGLASS<\/title>\n<meta name=\"robots\" content=\"index, follow, max-snippet:-1, max-image-preview:large, max-video-preview:-1\" \/>\n<link rel=\"canonical\" href=\"https:\/\/www.kavalier.cz\/en\/product\/spiral-cooler-without-grinding\/\" \/>\n<meta property=\"og:locale\" content=\"en_US\" \/>\n<meta property=\"og:type\" content=\"article\" \/>\n<meta property=\"og:title\" content=\"SPIRAL COOLER WITHOUT GRINDING\" \/>\n<meta property=\"og:description\" content=\"Va\u0161e zpr\u00e1va je pr\u00e1zdn\u00e1. Zadejte pros\u00edm text, kter\u00fd chcete p\u0159elo\u017eit.\" \/>\n<meta property=\"og:url\" content=\"https:\/\/www.kavalier.cz\/en\/product\/spiral-cooler-without-grinding\/\" \/>\n<meta property=\"og:site_name\" content=\"KAVALIERGLASS\" \/>\n<meta property=\"article:modified_time\" content=\"2025-07-14T23:36:45+00:00\" \/>\n<meta name=\"twitter:card\" content=\"summary_large_image\" \/>\n<script type=\"application\/ld+json\" class=\"yoast-schema-graph\">{\"@context\":\"https:\/\/schema.org\",\"@graph\":[{\"@type\":\"WebPage\",\"@id\":\"https:\/\/www.kavalier.cz\/en\/product\/spiral-cooler-without-grinding\/\",\"url\":\"https:\/\/www.kavalier.cz\/en\/product\/spiral-cooler-without-grinding\/\",\"name\":\"SPIRAL COOLER WITHOUT GRINDING &#8211; KAVALIERGLASS\",\"isPartOf\":{\"@id\":\"https:\/\/www.kavalier.cz\/#website\"},\"primaryImageOfPage\":{\"@id\":\"https:\/\/www.kavalier.cz\/en\/product\/spiral-cooler-without-grinding\/#primaryimage\"},\"image\":{\"@id\":\"https:\/\/www.kavalier.cz\/en\/product\/spiral-cooler-without-grinding\/#primaryimage\"},\"thumbnailUrl\":\"https:\/\/www.kavalier.cz\/wp-content\/uploads\/2025\/07\/1487334616_cs_7112.jpg\",\"datePublished\":\"2025-07-14T23:36:06+00:00\",\"dateModified\":\"2025-07-14T23:36:45+00:00\",\"breadcrumb\":{\"@id\":\"https:\/\/www.kavalier.cz\/en\/product\/spiral-cooler-without-grinding\/#breadcrumb\"},\"inLanguage\":\"en-US\",\"potentialAction\":[{\"@type\":\"ReadAction\",\"target\":[\"https:\/\/www.kavalier.cz\/en\/product\/spiral-cooler-without-grinding\/\"]}]},{\"@type\":\"ImageObject\",\"inLanguage\":\"en-US\",\"@id\":\"https:\/\/www.kavalier.cz\/en\/product\/spiral-cooler-without-grinding\/#primaryimage\",\"url\":\"https:\/\/www.kavalier.cz\/wp-content\/uploads\/2025\/07\/1487334616_cs_7112.jpg\",\"contentUrl\":\"https:\/\/www.kavalier.cz\/wp-content\/uploads\/2025\/07\/1487334616_cs_7112.jpg\",\"width\":575,\"height\":768},{\"@type\":\"BreadcrumbList\",\"@id\":\"https:\/\/www.kavalier.cz\/en\/product\/spiral-cooler-without-grinding\/#breadcrumb\",\"itemListElement\":[{\"@type\":\"ListItem\",\"position\":1,\"name\":\"Home\",\"item\":\"https:\/\/www.kavalier.cz\/en\/\"},{\"@type\":\"ListItem\",\"position\":2,\"name\":\"Shop\",\"item\":\"https:\/\/www.kavalier.cz\/en\/shop-2\/\"},{\"@type\":\"ListItem\",\"position\":3,\"name\":\"SPIRAL COOLER WITHOUT GRINDING\"}]},{\"@type\":\"WebSite\",\"@id\":\"https:\/\/www.kavalier.cz\/#website\",\"url\":\"https:\/\/www.kavalier.cz\/\",\"name\":\"KAVALIERGLASS\",\"description\":\"KAVALIERGLASS\",\"alternateName\":\"KAVALIERGLASS\",\"potentialAction\":[{\"@type\":\"SearchAction\",\"target\":{\"@type\":\"EntryPoint\",\"urlTemplate\":\"https:\/\/www.kavalier.cz\/?s={search_term_string}\"},\"query-input\":{\"@type\":\"PropertyValueSpecification\",\"valueRequired\":true,\"valueName\":\"search_term_string\"}}],\"inLanguage\":\"en-US\"}]}<\/script>\n<!-- \/ Yoast SEO Premium plugin. -->","yoast_head_json":{"title":"SPIRAL COOLER WITHOUT GRINDING &#8211; KAVALIERGLASS","robots":{"index":"index","follow":"follow","max-snippet":"max-snippet:-1","max-image-preview":"max-image-preview:large","max-video-preview":"max-video-preview:-1"},"canonical":"https:\/\/www.kavalier.cz\/en\/product\/spiral-cooler-without-grinding\/","og_locale":"en_US","og_type":"article","og_title":"SPIRAL COOLER WITHOUT GRINDING","og_description":"Va\u0161e zpr\u00e1va je pr\u00e1zdn\u00e1. Zadejte pros\u00edm text, kter\u00fd chcete p\u0159elo\u017eit.","og_url":"https:\/\/www.kavalier.cz\/en\/product\/spiral-cooler-without-grinding\/","og_site_name":"KAVALIERGLASS","article_modified_time":"2025-07-14T23:36:45+00:00","twitter_card":"summary_large_image","schema":{"@context":"https:\/\/schema.org","@graph":[{"@type":"WebPage","@id":"https:\/\/www.kavalier.cz\/en\/product\/spiral-cooler-without-grinding\/","url":"https:\/\/www.kavalier.cz\/en\/product\/spiral-cooler-without-grinding\/","name":"SPIRAL COOLER WITHOUT GRINDING &#8211; KAVALIERGLASS","isPartOf":{"@id":"https:\/\/www.kavalier.cz\/#website"},"primaryImageOfPage":{"@id":"https:\/\/www.kavalier.cz\/en\/product\/spiral-cooler-without-grinding\/#primaryimage"},"image":{"@id":"https:\/\/www.kavalier.cz\/en\/product\/spiral-cooler-without-grinding\/#primaryimage"},"thumbnailUrl":"https:\/\/www.kavalier.cz\/wp-content\/uploads\/2025\/07\/1487334616_cs_7112.jpg","datePublished":"2025-07-14T23:36:06+00:00","dateModified":"2025-07-14T23:36:45+00:00","breadcrumb":{"@id":"https:\/\/www.kavalier.cz\/en\/product\/spiral-cooler-without-grinding\/#breadcrumb"},"inLanguage":"en-US","potentialAction":[{"@type":"ReadAction","target":["https:\/\/www.kavalier.cz\/en\/product\/spiral-cooler-without-grinding\/"]}]},{"@type":"ImageObject","inLanguage":"en-US","@id":"https:\/\/www.kavalier.cz\/en\/product\/spiral-cooler-without-grinding\/#primaryimage","url":"https:\/\/www.kavalier.cz\/wp-content\/uploads\/2025\/07\/1487334616_cs_7112.jpg","contentUrl":"https:\/\/www.kavalier.cz\/wp-content\/uploads\/2025\/07\/1487334616_cs_7112.jpg","width":575,"height":768},{"@type":"BreadcrumbList","@id":"https:\/\/www.kavalier.cz\/en\/product\/spiral-cooler-without-grinding\/#breadcrumb","itemListElement":[{"@type":"ListItem","position":1,"name":"Home","item":"https:\/\/www.kavalier.cz\/en\/"},{"@type":"ListItem","position":2,"name":"Shop","item":"https:\/\/www.kavalier.cz\/en\/shop-2\/"},{"@type":"ListItem","position":3,"name":"SPIRAL COOLER WITHOUT GRINDING"}]},{"@type":"WebSite","@id":"https:\/\/www.kavalier.cz\/#website","url":"https:\/\/www.kavalier.cz\/","name":"KAVALIERGLASS","description":"KAVALIERGLASS","alternateName":"KAVALIERGLASS","potentialAction":[{"@type":"SearchAction","target":{"@type":"EntryPoint","urlTemplate":"https:\/\/www.kavalier.cz\/?s={search_term_string}"},"query-input":{"@type":"PropertyValueSpecification","valueRequired":true,"valueName":"search_term_string"}}],"inLanguage":"en-US"}]}},"_links":{"self":[{"href":"https:\/\/www.kavalier.cz\/en\/wp-json\/wp\/v2\/product\/22311","targetHints":{"allow":["GET"]}}],"collection":[{"href":"https:\/\/www.kavalier.cz\/en\/wp-json\/wp\/v2\/product"}],"about":[{"href":"https:\/\/www.kavalier.cz\/en\/wp-json\/wp\/v2\/types\/product"}],"replies":[{"embeddable":true,"href":"https:\/\/www.kavalier.cz\/en\/wp-json\/wp\/v2\/comments?post=22311"}],"wp:featuredmedia":[{"embeddable":true,"href":"https:\/\/www.kavalier.cz\/en\/wp-json\/wp\/v2\/media\/15598"}],"wp:attachment":[{"href":"https:\/\/www.kavalier.cz\/en\/wp-json\/wp\/v2\/media?parent=22311"}],"wp:term":[{"taxonomy":"product_brand","embeddable":true,"href":"https:\/\/www.kavalier.cz\/en\/wp-json\/wp\/v2\/product_brand?post=22311"},{"taxonomy":"product_cat","embeddable":true,"href":"https:\/\/www.kavalier.cz\/en\/wp-json\/wp\/v2\/product_cat?post=22311"},{"taxonomy":"product_tag","embeddable":true,"href":"https:\/\/www.kavalier.cz\/en\/wp-json\/wp\/v2\/product_tag?post=22311"},{"taxonomy":"pa_doplnkova-barva","embeddable":true,"href":"https:\/\/www.kavalier.cz\/en\/wp-json\/wp\/v2\/pa_doplnkova-barva?post=22311"}],"curies":[{"name":"wp","href":"https:\/\/api.w.org\/{rel}","templated":true}]}}