
    {"id":22333,"date":"2025-07-15T01:39:05","date_gmt":"2025-07-14T23:39:05","guid":{"rendered":"https:\/\/www.kavalier.cz\/produkt\/cooler-according-to-west\/"},"modified":"2025-07-15T01:39:45","modified_gmt":"2025-07-14T23:39:45","slug":"cooler-according-to-west","status":"publish","type":"product","link":"https:\/\/www.kavalier.cz\/en\/product\/cooler-according-to-west\/","title":{"rendered":"COOLER ACCORDING TO WEST"},"content":{"rendered":"<p>Jako asistent pot\u0159ebuji text k p\u0159ekladu. Zat\u00edm jste mi neposkytl \u017e\u00e1dn\u00fd text.<\/p>\n","protected":false},"excerpt":{"rendered":"<p>Jako asistent pot\u0159ebuji text k p\u0159ekladu. Zat\u00edm jste mi neposkytl \u017e\u00e1dn\u00fd text.<\/p>\n","protected":false},"featured_media":15573,"comment_status":"open","ping_status":"closed","template":"","meta":[],"product_brand":[],"product_cat":[4307],"product_tag":[],"pa_doplnkova-barva":[],"class_list":{"0":"post-22333","1":"product","2":"type-product","3":"status-publish","4":"has-post-thumbnail","6":"product_cat-laboratory-labapparatus-en","7":"pa_baleni-ks-1-en","8":"pa_cislo-8720-en","9":"pa_delka-mm-1000-en","10":"pa_delka-mm-300-en","11":"pa_delka-mm-700-en","12":"pa_sj-29-32-en","14":"first","15":"instock","16":"taxable","17":"shipping-taxable","18":"product-type-variable"},"acf":[],"yoast_head":"<!-- This site is optimized with the Yoast SEO Premium plugin v25.4 (Yoast SEO v25.4) - https:\/\/yoast.com\/wordpress\/plugins\/seo\/ -->\n<title>COOLER ACCORDING TO WEST &#8211; KAVALIERGLASS<\/title>\n<meta name=\"robots\" content=\"index, follow, max-snippet:-1, max-image-preview:large, max-video-preview:-1\" \/>\n<link rel=\"canonical\" href=\"https:\/\/www.kavalier.cz\/en\/product\/cooler-according-to-west\/\" \/>\n<meta property=\"og:locale\" content=\"en_US\" \/>\n<meta property=\"og:type\" content=\"article\" \/>\n<meta property=\"og:title\" content=\"COOLER ACCORDING TO WEST\" \/>\n<meta property=\"og:description\" content=\"Jako asistent pot\u0159ebuji text k p\u0159ekladu. Zat\u00edm jste mi neposkytl \u017e\u00e1dn\u00fd text.\" \/>\n<meta property=\"og:url\" content=\"https:\/\/www.kavalier.cz\/en\/product\/cooler-according-to-west\/\" \/>\n<meta property=\"og:site_name\" content=\"KAVALIERGLASS\" \/>\n<meta property=\"article:modified_time\" content=\"2025-07-14T23:39:45+00:00\" \/>\n<meta name=\"twitter:card\" content=\"summary_large_image\" \/>\n<script type=\"application\/ld+json\" class=\"yoast-schema-graph\">{\"@context\":\"https:\/\/schema.org\",\"@graph\":[{\"@type\":\"WebPage\",\"@id\":\"https:\/\/www.kavalier.cz\/en\/product\/cooler-according-to-west\/\",\"url\":\"https:\/\/www.kavalier.cz\/en\/product\/cooler-according-to-west\/\",\"name\":\"COOLER ACCORDING TO WEST &#8211; KAVALIERGLASS\",\"isPartOf\":{\"@id\":\"https:\/\/www.kavalier.cz\/#website\"},\"primaryImageOfPage\":{\"@id\":\"https:\/\/www.kavalier.cz\/en\/product\/cooler-according-to-west\/#primaryimage\"},\"image\":{\"@id\":\"https:\/\/www.kavalier.cz\/en\/product\/cooler-according-to-west\/#primaryimage\"},\"thumbnailUrl\":\"https:\/\/www.kavalier.cz\/wp-content\/uploads\/2025\/07\/1487322792_cs_8720.jpg\",\"datePublished\":\"2025-07-14T23:39:05+00:00\",\"dateModified\":\"2025-07-14T23:39:45+00:00\",\"breadcrumb\":{\"@id\":\"https:\/\/www.kavalier.cz\/en\/product\/cooler-according-to-west\/#breadcrumb\"},\"inLanguage\":\"en-US\",\"potentialAction\":[{\"@type\":\"ReadAction\",\"target\":[\"https:\/\/www.kavalier.cz\/en\/product\/cooler-according-to-west\/\"]}]},{\"@type\":\"ImageObject\",\"inLanguage\":\"en-US\",\"@id\":\"https:\/\/www.kavalier.cz\/en\/product\/cooler-according-to-west\/#primaryimage\",\"url\":\"https:\/\/www.kavalier.cz\/wp-content\/uploads\/2025\/07\/1487322792_cs_8720.jpg\",\"contentUrl\":\"https:\/\/www.kavalier.cz\/wp-content\/uploads\/2025\/07\/1487322792_cs_8720.jpg\",\"width\":575,\"height\":768},{\"@type\":\"BreadcrumbList\",\"@id\":\"https:\/\/www.kavalier.cz\/en\/product\/cooler-according-to-west\/#breadcrumb\",\"itemListElement\":[{\"@type\":\"ListItem\",\"position\":1,\"name\":\"Home\",\"item\":\"https:\/\/www.kavalier.cz\/en\/\"},{\"@type\":\"ListItem\",\"position\":2,\"name\":\"Shop\",\"item\":\"https:\/\/www.kavalier.cz\/en\/shop-2\/\"},{\"@type\":\"ListItem\",\"position\":3,\"name\":\"COOLER ACCORDING TO WEST\"}]},{\"@type\":\"WebSite\",\"@id\":\"https:\/\/www.kavalier.cz\/#website\",\"url\":\"https:\/\/www.kavalier.cz\/\",\"name\":\"KAVALIERGLASS\",\"description\":\"KAVALIERGLASS\",\"alternateName\":\"KAVALIERGLASS\",\"potentialAction\":[{\"@type\":\"SearchAction\",\"target\":{\"@type\":\"EntryPoint\",\"urlTemplate\":\"https:\/\/www.kavalier.cz\/?s={search_term_string}\"},\"query-input\":{\"@type\":\"PropertyValueSpecification\",\"valueRequired\":true,\"valueName\":\"search_term_string\"}}],\"inLanguage\":\"en-US\"}]}<\/script>\n<!-- \/ Yoast SEO Premium plugin. -->","yoast_head_json":{"title":"COOLER ACCORDING TO WEST &#8211; KAVALIERGLASS","robots":{"index":"index","follow":"follow","max-snippet":"max-snippet:-1","max-image-preview":"max-image-preview:large","max-video-preview":"max-video-preview:-1"},"canonical":"https:\/\/www.kavalier.cz\/en\/product\/cooler-according-to-west\/","og_locale":"en_US","og_type":"article","og_title":"COOLER ACCORDING TO WEST","og_description":"Jako asistent pot\u0159ebuji text k p\u0159ekladu. Zat\u00edm jste mi neposkytl \u017e\u00e1dn\u00fd text.","og_url":"https:\/\/www.kavalier.cz\/en\/product\/cooler-according-to-west\/","og_site_name":"KAVALIERGLASS","article_modified_time":"2025-07-14T23:39:45+00:00","twitter_card":"summary_large_image","schema":{"@context":"https:\/\/schema.org","@graph":[{"@type":"WebPage","@id":"https:\/\/www.kavalier.cz\/en\/product\/cooler-according-to-west\/","url":"https:\/\/www.kavalier.cz\/en\/product\/cooler-according-to-west\/","name":"COOLER ACCORDING TO WEST &#8211; KAVALIERGLASS","isPartOf":{"@id":"https:\/\/www.kavalier.cz\/#website"},"primaryImageOfPage":{"@id":"https:\/\/www.kavalier.cz\/en\/product\/cooler-according-to-west\/#primaryimage"},"image":{"@id":"https:\/\/www.kavalier.cz\/en\/product\/cooler-according-to-west\/#primaryimage"},"thumbnailUrl":"https:\/\/www.kavalier.cz\/wp-content\/uploads\/2025\/07\/1487322792_cs_8720.jpg","datePublished":"2025-07-14T23:39:05+00:00","dateModified":"2025-07-14T23:39:45+00:00","breadcrumb":{"@id":"https:\/\/www.kavalier.cz\/en\/product\/cooler-according-to-west\/#breadcrumb"},"inLanguage":"en-US","potentialAction":[{"@type":"ReadAction","target":["https:\/\/www.kavalier.cz\/en\/product\/cooler-according-to-west\/"]}]},{"@type":"ImageObject","inLanguage":"en-US","@id":"https:\/\/www.kavalier.cz\/en\/product\/cooler-according-to-west\/#primaryimage","url":"https:\/\/www.kavalier.cz\/wp-content\/uploads\/2025\/07\/1487322792_cs_8720.jpg","contentUrl":"https:\/\/www.kavalier.cz\/wp-content\/uploads\/2025\/07\/1487322792_cs_8720.jpg","width":575,"height":768},{"@type":"BreadcrumbList","@id":"https:\/\/www.kavalier.cz\/en\/product\/cooler-according-to-west\/#breadcrumb","itemListElement":[{"@type":"ListItem","position":1,"name":"Home","item":"https:\/\/www.kavalier.cz\/en\/"},{"@type":"ListItem","position":2,"name":"Shop","item":"https:\/\/www.kavalier.cz\/en\/shop-2\/"},{"@type":"ListItem","position":3,"name":"COOLER ACCORDING TO WEST"}]},{"@type":"WebSite","@id":"https:\/\/www.kavalier.cz\/#website","url":"https:\/\/www.kavalier.cz\/","name":"KAVALIERGLASS","description":"KAVALIERGLASS","alternateName":"KAVALIERGLASS","potentialAction":[{"@type":"SearchAction","target":{"@type":"EntryPoint","urlTemplate":"https:\/\/www.kavalier.cz\/?s={search_term_string}"},"query-input":{"@type":"PropertyValueSpecification","valueRequired":true,"valueName":"search_term_string"}}],"inLanguage":"en-US"}]}},"_links":{"self":[{"href":"https:\/\/www.kavalier.cz\/en\/wp-json\/wp\/v2\/product\/22333","targetHints":{"allow":["GET"]}}],"collection":[{"href":"https:\/\/www.kavalier.cz\/en\/wp-json\/wp\/v2\/product"}],"about":[{"href":"https:\/\/www.kavalier.cz\/en\/wp-json\/wp\/v2\/types\/product"}],"replies":[{"embeddable":true,"href":"https:\/\/www.kavalier.cz\/en\/wp-json\/wp\/v2\/comments?post=22333"}],"wp:featuredmedia":[{"embeddable":true,"href":"https:\/\/www.kavalier.cz\/en\/wp-json\/wp\/v2\/media\/15573"}],"wp:attachment":[{"href":"https:\/\/www.kavalier.cz\/en\/wp-json\/wp\/v2\/media?parent=22333"}],"wp:term":[{"taxonomy":"product_brand","embeddable":true,"href":"https:\/\/www.kavalier.cz\/en\/wp-json\/wp\/v2\/product_brand?post=22333"},{"taxonomy":"product_cat","embeddable":true,"href":"https:\/\/www.kavalier.cz\/en\/wp-json\/wp\/v2\/product_cat?post=22333"},{"taxonomy":"product_tag","embeddable":true,"href":"https:\/\/www.kavalier.cz\/en\/wp-json\/wp\/v2\/product_tag?post=22333"},{"taxonomy":"pa_doplnkova-barva","embeddable":true,"href":"https:\/\/www.kavalier.cz\/en\/wp-json\/wp\/v2\/pa_doplnkova-barva?post=22333"}],"curies":[{"name":"wp","href":"https:\/\/api.w.org\/{rel}","templated":true}]}}